{"id":15532,"date":"2021-12-28T15:54:05","date_gmt":"2021-12-28T14:54:05","guid":{"rendered":"https:\/\/slivnica.splet.arnes.si\/?page_id=15532"},"modified":"2024-02-21T15:39:41","modified_gmt":"2024-02-21T14:39:41","slug":"kontakt-ps-prevorje","status":"publish","type":"page","link":"https:\/\/slivnica.splet.arnes.si\/?page_id=15532","title":{"rendered":"Kontakt P\u0160 Prevorje"},"content":{"rendered":"<p><strong>P\u0160 PREVORJE<\/strong><br \/>\n<strong>Lopaca 3<\/strong><br \/>\n<strong>3262 Prevorje<\/strong><\/p>\n<p>Pedago\u0161ki vodja: Mateja Kramer<\/p>\n<p>Telefon zbornica: 03 809 8540<br \/>\nTelefon kuhinja: 03 809 8542<\/p>\n<p>E-mail \u0161ole: pos.prevorje@os-slivnica.si<\/p>\n","protected":false},"excerpt":{"rendered":"<p>P\u0160 PREVORJE Lopaca 3 3262 Prevorje Pedago\u0161ki vodja: Mateja Kramer Telefon zbornica: 03 809 8540 Telefon kuhinja: 03 809 8542 E-mail \u0161ole: pos.prevorje@os-slivnica.si<\/p>\n","protected":false},"author":83251,"featured_media":0,"parent":0,"menu_order":0,"comment_status":"closed","ping_status":"closed","template":"","meta":{"_et_pb_use_builder":"off","_et_pb_old_content":"","_et_gb_content_width":"","ngg_post_thumbnail":0,"footnotes":""},"class_list":["post-15532","page","type-page","status-publish","hentry"],"publishpress_future_action":{"enabled":false,"date":"2026-05-25 00:34:31","action":"change-status","newStatus":"draft","terms":[],"taxonomy":"","extraData":[]},"publishpress_future_workflow_manual_trigger":{"enabledWorkflows":[]},"_links":{"self":[{"href":"https:\/\/slivnica.splet.arnes.si\/index.php?rest_route=\/wp\/v2\/pages\/15532","targetHints":{"allow":["GET"]}}],"collection":[{"href":"https:\/\/slivnica.splet.arnes.si\/index.php?rest_route=\/wp\/v2\/pages"}],"about":[{"href":"https:\/\/slivnica.splet.arnes.si\/index.php?rest_route=\/wp\/v2\/types\/page"}],"author":[{"embeddable":true,"href":"https:\/\/slivnica.splet.arnes.si\/index.php?rest_route=\/wp\/v2\/users\/83251"}],"replies":[{"embeddable":true,"href":"https:\/\/slivnica.splet.arnes.si\/index.php?rest_route=%2Fwp%2Fv2%2Fcomments&post=15532"}],"version-history":[{"count":11,"href":"https:\/\/slivnica.splet.arnes.si\/index.php?rest_route=\/wp\/v2\/pages\/15532\/revisions"}],"predecessor-version":[{"id":25346,"href":"https:\/\/slivnica.splet.arnes.si\/index.php?rest_route=\/wp\/v2\/pages\/15532\/revisions\/25346"}],"wp:attachment":[{"href":"https:\/\/slivnica.splet.arnes.si\/index.php?rest_route=%2Fwp%2Fv2%2Fmedia&parent=15532"}],"curies":[{"name":"wp","href":"https:\/\/api.w.org\/{rel}","templated":true}]}}