{"id":15538,"date":"2021-12-28T15:55:07","date_gmt":"2021-12-28T14:55:07","guid":{"rendered":"https:\/\/slivnica.splet.arnes.si\/?page_id=15538"},"modified":"2022-01-03T11:53:06","modified_gmt":"2022-01-03T10:53:06","slug":"zgodovina-ps-prevorje-2","status":"publish","type":"page","link":"https:\/\/slivnica.splet.arnes.si\/?page_id=15538","title":{"rendered":"Zgodovina P\u0160 Prevorje"},"content":{"rendered":"<p>[et_pb_section fb_built=&#8221;1&#8243; _builder_version=&#8221;3.22&#8243; _module_preset=&#8221;default&#8221;][et_pb_row _builder_version=&#8221;3.25&#8243; _module_preset=&#8221;default&#8221; background_size=&#8221;initial&#8221; background_position=&#8221;top_left&#8221; background_repeat=&#8221;repeat&#8221;][et_pb_column type=&#8221;4_4&#8243; _builder_version=&#8221;3.25&#8243; _module_preset=&#8221;default&#8221; custom_padding=&#8221;|||&#8221; custom_padding__hover=&#8221;|||&#8221;][et_pb_text _builder_version=&#8221;4.9.7&#8243; _module_preset=&#8221;default&#8221; background_size=&#8221;initial&#8221; background_position=&#8221;top_left&#8221; background_repeat=&#8221;repeat&#8221; hover_enabled=&#8221;0&#8243; sticky_enabled=&#8221;0&#8243;]<\/p>\n<p class=\"entry-title main_title\"><span>Za\u010detki \u0161olstva na Prevorju segajo v <\/span><strong>leto 1838<\/strong><span>. Tedanji kurat\u00a0<\/span><strong>Janez Wister<\/strong><span>\u00a0je zbiral otroke iz bli\u017enje okolice dvakrat na teden v me\u017enariji in jih je pou\u010deval kr\u0161\u010danski nauk in tudi pisati, brati in ra\u010dunati.<\/span><\/p>\n<p>Prvi u\u010ditelj je bil\u00a0<strong>Andrej Fajdiga<\/strong>, ki je bil sem name\u0161\u010den iz Kranjskega okoli leta\u00a0<strong>1842<\/strong>. Pou\u010deval je tri dni v tednu. Leta\u00a0<strong>1862<\/strong>\u00a0so tedanjo me\u017enarijo podrli in naslednje leto na istem mestu zgradili\u00a0<strong>prvo \u0161olo<\/strong>, ki stoji \u0161e danes na hrib\u010dku nasproti cerkve Sv. Ane. Bila je enorazrednica s stanovanjem za u\u010ditelja in cerkovnika.<\/p>\n<p>Drugo \u0161olsko poslopje je bilo zgrajeno leta\u00a0<strong>1889<\/strong>\u00a0nasproti sedanjega \u017eupni\u0161\u010da. Ob izgradnji je bila to ena najlep\u0161ih in najbolj\u0161ih \u0161ol dale\u010d naokoli. Med obema vojnama jo je v enem \u0161olskem letu obiskovalo tudi\u00a0<strong>do 200 otrok<\/strong>. Bila je dvorazrednica in samostojna popolna osemletka vse do leta 1966, ko so v Gorici pri Slivnici zgradili novo \u0161olo in je prevorska \u0161ola postala podru\u017enica s \u0161tirimi razredi. Zaradi dotrajanosti so jo poru\u0161ili aprila 1999.<\/p>\n<p>\u0160ola danes<\/p>\n<p>Dana\u0161nja \u0161ola je bila zgrajena v letu 1999 in smo se vanjo preselili\u00a0<strong>6. marca 2000<\/strong>. Je prostorna, svetla in nudi zelo dobre pogoje za vzgojno-izobra\u017eevalno delo. Tudi arhitekturno se lepo vklju\u010duje v pokrajino. Ponosno kraljuje na hrib\u010dku Sv. Ane, a \u017eal jo danes v petih razredih skupaj obiskuje samo 14 otrok. Pouk je organiziran v dvojni in trojni kombinaciji razredov, delo pa poteka zelo individualizirano.<\/p>\n<p>\u0160ola je vklju\u010dena v\u00a0<a href=\"http:\/\/www.dups.si\/\" target=\"_blank\" rel=\"noopener noreferrer\">Dru\u0161tvo u\u010diteljev podru\u017eni\u010dnih \u0161ol<\/a>.<br \/>\n\u0160ola v na\u0161em kraju je bila in \u0161e vedno je sredi\u0161\u010de krajevnega in kulturnega \u017eivljenja. V sklopu te \u0161ole je tudi zvezdna opazovalnica in ve\u010dnamenski prostor namenjen krajanom.<\/p>\n<p>Astronomska opazovalnica<\/p>\n<p>Po mnenju astronomov ima na\u0161a \u0161ola izjemno dobro lego za opazovanje neba. Tu nebo ni svetlobno onesna\u017eeno in okolje je mirno, ni hrupa, kar sta nujna pogoja za dobro delo ljudi in aparatur v te namene.<\/p>\n<p>Na strehi \u0161ole je kupola, pod katero se skriva teleskop. S to opazovalnico opravlja\u00a0<a href=\"http:\/\/www.kosci.si\/\" target=\"_blank\" rel=\"noopener noreferrer\"><strong>Astronomsko dru\u0161tvo Kosci<\/strong>\u00a0\u0160entjur<\/a>. Vsako leto julija organiziramo astronomsko no\u010d, ko je vstop prost in lahko vsakdo pogleda skozi teleskop.<\/p>\n<p>[\/et_pb_text][\/et_pb_column][\/et_pb_row][\/et_pb_section]<\/p>\n","protected":false},"excerpt":{"rendered":"<p>Za\u010detki \u0161olstva na Prevorju segajo v leto 1838. Tedanji kurat\u00a0Janez Wister\u00a0je zbiral otroke iz bli\u017enje okolice dvakrat na teden v me\u017enariji in jih je pou\u010deval kr\u0161\u010danski nauk in tudi pisati, brati in ra\u010dunati. Prvi u\u010ditelj je bil\u00a0Andrej Fajdiga, ki je bil sem name\u0161\u010den iz Kranjskega okoli leta\u00a01842. Pou\u010deval je tri dni v tednu. Leta\u00a01862\u00a0so tedanjo [&hellip;]<\/p>\n","protected":false},"author":83251,"featured_media":0,"parent":0,"menu_order":0,"comment_status":"closed","ping_status":"closed","template":"","meta":{"_et_pb_use_builder":"on","_et_pb_old_content":"","_et_gb_content_width":"","ngg_post_thumbnail":0,"footnotes":""},"class_list":["post-15538","page","type-page","status-publish","hentry"],"publishpress_future_action":{"enabled":false,"date":"2026-05-25 00:34:32","action":"change-status","newStatus":"draft","terms":[],"taxonomy":"","extraData":[]},"publishpress_future_workflow_manual_trigger":{"enabledWorkflows":[]},"_links":{"self":[{"href":"https:\/\/slivnica.splet.arnes.si\/index.php?rest_route=\/wp\/v2\/pages\/15538","targetHints":{"allow":["GET"]}}],"collection":[{"href":"https:\/\/slivnica.splet.arnes.si\/index.php?rest_route=\/wp\/v2\/pages"}],"about":[{"href":"https:\/\/slivnica.splet.arnes.si\/index.php?rest_route=\/wp\/v2\/types\/page"}],"author":[{"embeddable":true,"href":"https:\/\/slivnica.splet.arnes.si\/index.php?rest_route=\/wp\/v2\/users\/83251"}],"replies":[{"embeddable":true,"href":"https:\/\/slivnica.splet.arnes.si\/index.php?rest_route=%2Fwp%2Fv2%2Fcomments&post=15538"}],"version-history":[{"count":5,"href":"https:\/\/slivnica.splet.arnes.si\/index.php?rest_route=\/wp\/v2\/pages\/15538\/revisions"}],"predecessor-version":[{"id":15624,"href":"https:\/\/slivnica.splet.arnes.si\/index.php?rest_route=\/wp\/v2\/pages\/15538\/revisions\/15624"}],"wp:attachment":[{"href":"https:\/\/slivnica.splet.arnes.si\/index.php?rest_route=%2Fwp%2Fv2%2Fmedia&parent=15538"}],"curies":[{"name":"wp","href":"https:\/\/api.w.org\/{rel}","templated":true}]}}